{"id":3689,"date":"2020-09-11T09:11:30","date_gmt":"2020-09-11T09:11:30","guid":{"rendered":"https:\/\/greenjet.eu\/?page_id=3689"},"modified":"2025-12-17T14:17:52","modified_gmt":"2025-12-17T12:17:52","slug":"firma-constanta-spalari-industriale-port","status":"publish","type":"page","link":"https:\/\/greenjet.ro\/en\/firma-constanta-spalari-industriale-port\/","title":{"rendered":"About us"},"content":{"rendered":"<p><section id=\"bt_section69f0ce9a5de6e\"  class=\"boldSection topSemiSpaced gutter boxed inherit\" ><div class=\"port\"><div class=\"boldCell\"><div class=\"boldCellInner\"><div class=\"boldRow\" ><div class=\"boldRowInner\"><div class=\"rowItem col-md-12 col-ms-12  btTextCenter animate animate-fadein inherit\"  data-width=\"12\"><div class=\"rowItemContent\" ><header class=\"header btClear medium btDash bottomDash  regular\" ><div class=\"btSuperTitle\"><span>EXPERIENCE AND RELIABILITY<\/span><\/div><div class=\"dash\"><h3><span class=\"headline\">Extending the life of your equipment<\/span><\/h3><\/div><\/header><div class=\"btClear btSeparator topSmallSpaced bottomSmallSpaced noBorder\" ><hr><\/div><\/div><\/div><\/div><\/div><div class=\"boldRow\" ><div class=\"boldRowInner\"><div class=\"rowItem col-md-12 col-ms-12  btTextLeft\"  data-width=\"12\"><div class=\"rowItemContent\" ><div class=\"btText\" ><\/p>\n<p>\nThe industrial field often leads to the emergence of side effects that can affect your company's activity and the environment.<\/p>\n<p>Our company brings to the market, with the latest technical and ecological solutions, a non-aggressive approach for the environment. It is based on clean water and biodegradable solutions, all based on high-pressure water jets of up to 3000 bars. At the same time, our solutions considerably reduce costs and working time compared to previous methods used in the industry.<\/p>\n<p>Our company performs hydrocleaning, hydrodemolition, hydrosandblasting and industrial cleaning works, using special high-pressure water jets, the most environmentally friendly and modern technology in this field.<\/p>\n<p>GRENJET MSS SRL is a company based in Romania, registered under the unique legal code 28100654 and the official registration number J29\/281\/2011.<\/p>\n<p>\n<\/div><div class=\"btClear btSeparator topSmallSpaced bottomSmallSpaced noBorder\" ><hr><\/div><\/div><\/div><\/div><\/div><\/div><\/div><\/div><\/section><section id=\"bt_section69f0ce9a5e124\"  class=\"boldSection gutter\" ><div class=\"port\"><div class=\"boldCell\"><div class=\"boldCellInner\"><div class=\"boldRow\" ><div class=\"boldRowInner\"><div class=\"rowItem col-md-6 col-sm-12 btTextRight inherit\"  data-width=\"6\"><div class=\"rowItemContent\" ><div class=\"btClear btSeparator topSpaced noBorder\" ><hr><\/div><div class=\"btText\" ><\/p>\n<p style=\"text-align: left;\">Some of the company's technical resources are as follows:<\/p>\n<ul style=\"text-align: left;\">\n<li>1 Hammelmann pump 1000 bar \/ 260 liters\/minute \/ 133 liters\/minute \/ 40 liters\/minute for cleaning with cold water jet under pressure<\/li>\n<li>1 Hammelmann pump 1000 bar \/ 26 liters for cold water jet cleaning under pressure<\/li>\n<li>1 Hammelmann diesel pump 2800 bar \/ 26 liters for cold water jet cleaning under pressure<\/li>\n<li>1 Hammelmann diesel pump 1000 bar\/30 liters with cold water jet cleaning system<\/li>\n<\/ul>\n<p style=\"text-align: left;\">1 convertible diesel pump Uraca 2800 bar\/20 liters or 1000 bar\/45 liters for high-pressure cold water cleaning; 1 diesel pump Dynajet 500 bar + accessories for high-pressure cold water jet cleaning; 1 diesel pump Woma 1000 bar\/132 liters for high-pressure water jet cleaning; 1 diesel pump 1500 bar\/55 liters with UHP Aquaenergy cold water cleaning system; 1 TWIN diesel pump WOMA 750 bar\/130 liters for high-pressure cold water jet cleaning; 1 diesel pump WOMA 1500 bar\/204 liters for high-pressure cold water jet cleaning with automatic 3-rod washing system; 1 diesel pump Woma 500 bar\/50 liters for high-pressure hot water jet cleaning; 1 electric pump Uraca 500 bar\/15 liters for high-pressure cold water jet cleaning;<\/p>\n<p>\n<\/div><\/div><\/div><div class=\"rowItem col-md-6 col-sm-12 btTextCenter animate animate-fadein inherit\"  data-width=\"6\"><div class=\"rowItemContent\" ><div class=\"btClear btSeparator topSemiSpaced noBorder\" ><hr><\/div><header class=\"header btClear large btDash bottomDash  regular\" ><div class=\"btSuperTitle\"><span>TEHNIQUE<\/span><\/div><div class=\"dash\"><h2><span class=\"headline\">and technological works<\/span><\/h2><\/div><\/header><div class=\"bpgPhoto btDefaultHoverType\" ><div class = \"btImage\"><img src=\"https:\/\/greenjet.ro\/wp-content\/uploads\/2020\/09\/greenjet-5.jpeg\" alt=\"\" title=\"\"><\/div><\/div><div class=\"btClear btSeparator topSemiSpaced noBorder\" ><hr><\/div><\/div><\/div><\/div><\/div><div class=\"boldRow\" ><div class=\"boldRowInner\"><div class=\"rowItem col-md-12 col-ms-12  btTextLeft\"  data-width=\"12\"><div class=\"rowItemContent\" ><div class=\"btText\" ><\/p>\n<p>\n1 ma\u0219in\u0103 de sp\u0103lat cu abur de \u00eenalt\u0103 presiune NILFISK ALTO 190 bari; 1 ma\u0219in\u0103 pentru cur\u0103\u021barea ape uzate Stayer 150 bari\/600 litri sau 750 bari\/55 litri cu mod de func\u021bionare variabil; Distribuitor automat de multiplicare cu 3 posturi de sp\u0103lare; Accesorii \u0219i echipamente specializate pentru cur\u0103\u021barea industrial\u0103 cu jet de ap\u0103 UHP; Combin\u0103 de desfundare Scania 12 mc echipat\u0103 cu pomp\u0103 de vid Demag de 1200 mc\/h \u0219i pomp\u0103 de presiune Uraca 390 l\/min \u0219i 200 bari.<\/p>\n<p>\n<\/div><div class=\"btClear btSeparator topSemiSpaced noBorder\" ><hr><\/div><\/div><\/div><\/div><\/div><\/div><\/div><\/div><\/section><section id=\"bt_section69f0ce9a5e65f\"  class=\"boldSection topSmallSpaced bottomSmallSpaced btAccentColorBackground gutter boxed inherit\" ><div class=\"port\"><div class=\"boldCell\"><div class=\"boldCellInner\"><div class=\"boldRow\" ><div class=\"boldRowInner\"><div class=\"rowItem col-md-12 col-ms-12  btTextRight animate animate-fadein btBottomVertical\"  data-width=\"12\"><div class=\"rowItemContent\" ><div class=\"btClear btSeparator topSmallSpaced bottomExtraSmallSpaced noBorder\" ><hr><\/div><\/div><\/div><\/div><\/div><div class=\"boldRow\" ><div class=\"boldRowInner\"><div class=\"rowItem col-md-9 col-ms-12  btTextLeft animate animate-fadein inherit\"  data-width=\"9\"><div class=\"rowItemContent\" ><header class=\"header btClear large  regular\" ><div class=\"btSuperTitle\"><span>CONTACT US AND LEARN MORE ABOUT US<\/span><\/div><div class=\"dash\"><h2><span class=\"headline\">Looking for a reliable partner?<\/span><\/h2><\/div><\/header><\/div><\/div><div class=\"rowItem col-md-3 col-sm-6 col-ms-12 btTextRight animate animate-fadein btBottomVertical\"  data-width=\"3\"><div class=\"rowItemContent\" ><div class=\"btClear btSeparator topSmallSpaced noBorder\" ><hr><\/div><a href=\"https:\/\/greenjet.ro\/en\/contact\/\" class=\"btBtn btBtn btnOutlineStyle btnNormalColor btnMedium btnNormalWidth btnRightPosition btnNoIcon\" ><span class=\"btnInnerText\">CONTACT<\/span><\/a><div class=\"btClear btSeparator topExtraSmallSpaced bottomSmallSpaced noBorder\" ><hr><\/div><\/div><\/div><\/div><\/div><\/div><\/div><\/div><\/section><section id=\"bt_section69f0ce9a5ec48\"  class=\"boldSection topSemiSpaced gutter boxed inherit\" ><div class=\"port\"><div class=\"boldCell\"><div class=\"boldCellInner\"><div class=\"boldRow\" ><div class=\"boldRowInner\"><div class=\"rowItem col-md-6 col-sm-12 btTextLeft animate animate-fadein inherit\"  data-width=\"6\"><div class=\"rowItemContent\" ><header class=\"header btClear large btDash bottomDash  regular\" ><div class=\"btSuperTitle\"><span>EQUIPMENT<\/span><\/div><div class=\"dash\"><h2><span class=\"headline\">for more power<\/span><\/h2><\/div><\/header><div class=\"bpgPhoto btDefaultHoverType\" ><div class = \"btImage\"><img src=\"https:\/\/greenjet.ro\/wp-content\/uploads\/2020\/09\/greenjet-7.jpeg\" alt=\"\" title=\"\"><\/div><\/div><div class=\"btClear btSeparator topSemiSpaced noBorder\" ><hr><\/div><\/div><\/div><div class=\"rowItem col-md-6 col-sm-12 btTextCenter inherit\"  data-width=\"6\"><div class=\"rowItemContent\" ><div class=\"btClear btSeparator topSemiSpaced noBorder\" ><hr><\/div><div class=\"btText\" ><\/p>\n<p style=\"text-align: left;\"><strong>Available auxiliary systems<\/strong><\/p>\n<ul style=\"text-align: left;\">\n<li>Solid rod with rotating flushing system with pressures up to 2800 bar;<\/li>\n<li>Flexible tubes DN4, DN5, DN6, for washing heat exchange pipes with diameters starting from 8 mm;<\/li>\n<li>Rotating nozzles that can be used on solid rod or flexible tube, usable for cleaning heat exchangers;<\/li>\n<li>Cleaning guns with fixed nozzles for cleaning surfaces;<\/li>\n<\/ul>\n<p style=\"text-align: left;\">Cleaning guns with rotating nozzles for surface cleaning; Special rotating heads for tank cleaning; Flexible tubes and heads DN 12 for pipe cleaning; Additional flexible tubes and nozzles required for pipe and channel cleaning; Semi-automatic single-rod equipment; Semi-automatic 3-rod equipment 3-TLE for internal pipe cleaning (beams).<\/p>\n<p>\n<\/div><\/div><\/div><\/div><\/div><div class=\"boldRow\" ><div class=\"boldRowInner\"><div class=\"rowItem col-md-12 col-ms-12  btTextLeft\"  data-width=\"12\"><div class=\"rowItemContent\" ><div class=\"btClear btSeparator topSmallSpaced noBorder\" ><hr><\/div><\/div><\/div><\/div><\/div><\/div><\/div><\/div><\/section><section id=\"bt_section69f0ce9a5f050\"  class=\"boldSection gutter\" ><div class=\"port\"><div class=\"boldCell\"><div class=\"boldCellInner\"><div class=\"boldRow\" ><div class=\"boldRowInner\"><div class=\"rowItem col-md-6 col-sm-12 btTextRight inherit\"  data-width=\"6\"><div class=\"rowItemContent\" ><div class=\"btClear btSeparator topSemiSpaced bottomSemiSpaced noBorder\" ><hr><\/div><div class=\"btText\" ><\/p>\n<p style=\"text-align: left;\">Our team consists of:<\/p>\n<ul>\n<li style=\"text-align: left;\">INSEMEX authorized personnel \u2013 INSEMEX GANEX Petro\u0219ani certificate issued;<\/li>\n<li style=\"text-align: left;\">Authorized Deha Engineering personnel;<\/li>\n<li style=\"text-align: left;\">Qualified personnel with over 10 years of experience in using high-pressure pumps;<\/li>\n<li style=\"text-align: left;\">Qualified personnel with over 10 years of experience in using high-pressure equipment;<\/li>\n<li style=\"text-align: left;\">Qualified personnel with over 10 years of experience in industrial cleaning;<\/li>\n<li style=\"text-align: left;\">Qualified personnel with over 10 years of experience in hydro-demolition activities;<\/li>\n<\/ul>\n<p>\n<\/div><\/div><\/div><div class=\"rowItem col-md-6 col-sm-12 btTextRight animate animate-fadein inherit\"  data-width=\"6\"><div class=\"rowItemContent\" ><header class=\"header btClear large btDash bottomDash  regular\" ><div class=\"btSuperTitle\"><span>HUMAN RESOURCE<\/span><\/div><div class=\"dash\"><h2><span class=\"headline\">is our greatest asset<\/span><\/h2><\/div><\/header><div class=\"bpgPhoto btDefaultHoverType\" ><div class = \"btImage\"><img src=\"https:\/\/greenjet.ro\/wp-content\/uploads\/2020\/09\/greenjet-11-1.jpg\" alt=\"\" title=\"\"><\/div><\/div><div class=\"btClear btSeparator topSemiSpaced noBorder\" ><hr><\/div><\/div><\/div><\/div><\/div><div class=\"boldRow\" ><div class=\"boldRowInner\"><div class=\"rowItem col-md-6 col-sm-12 btTextLeft animate animate-fadein inherit\"  data-width=\"6\"><div class=\"rowItemContent\" ><header class=\"header btClear large btDash bottomDash  regular\" ><div class=\"btSuperTitle\"><span>SAFETY<\/span><\/div><div class=\"dash\"><h2><span class=\"headline\">&amp; quality<\/span><\/h2><\/div><\/header><div class=\"bpgPhoto btDefaultHoverType\" ><div class = \"btImage\"><img src=\"https:\/\/greenjet.ro\/wp-content\/uploads\/2020\/09\/greenjet-6.jpeg\" alt=\"\" title=\"\"><\/div><\/div><div class=\"btClear btSeparator topSemiSpaced noBorder\" ><hr><\/div><\/div><\/div><div class=\"rowItem col-md-6 col-sm-12 btTextRight inherit\"  data-width=\"6\"><div class=\"rowItemContent\" ><div class=\"btClear btSeparator topSemiSpaced bottomSemiSpaced noBorder\" ><hr><\/div><div class=\"btText\" ><\/p>\n<ul>\n<li style=\"text-align: left;\">We have implemented a quality management system, the company's activity being certified ISO 9001, ISO 14001, ISO 18001;<\/li>\n<li style=\"text-align: left;\">Our activity complies with all quality standards in the field;<\/li>\n<li style=\"text-align: left;\">For our company, the job consists of identifying hazards, assessing and controlling risks related to activities;<\/li>\n<li style=\"text-align: left;\">We guarantee the use of the best and most efficient technologies and solutions.<\/li>\n<\/ul>\n<p style=\"text-align: left;\">We are constantly concerned with improving occupational health and safety standards, complying with legal requirements, as well as additional customer requirements in the field of HSEQ, so that the work carried out is safe for our staff, contractors, customers and other parties involved.<\/p>\n<p style=\"text-align: left;\">We are also concerned with maintaining the stability of the company's personnel; Promoting professional development strategies for employees.<\/p>\n<p>\n<\/div><\/div><\/div><\/div><\/div><div class=\"boldRow\" ><div class=\"boldRowInner\"><div class=\"rowItem col-md-12 col-ms-12  btTextLeft\"  data-width=\"12\"><div class=\"rowItemContent\" ><div class=\"btClear btSeparator topSmallSpaced noBorder\" ><hr><\/div><\/div><\/div><\/div><\/div><\/div><\/div><\/div><\/section><\/p>","protected":false},"excerpt":{"rendered":"","protected":false},"author":1,"featured_media":1898,"parent":0,"menu_order":0,"comment_status":"closed","ping_status":"closed","template":"","meta":[],"yoast_head":"<!-- This site is optimized with the Yoast SEO plugin v16.2 - https:\/\/yoast.com\/wordpress\/plugins\/seo\/ -->\n<title>Despre noi - GreenJet MSS High-Pressure Water Jet<\/title>\n<meta name=\"description\" content=\"Industrial High-Pressure Water Jet Cleaning Washing | Using top of the line high-pressure cleaning products | Eco friendly | QUALITY\" \/>\n<meta name=\"robots\" content=\"index, follow, max-snippet:-1, max-image-preview:large, max-video-preview:-1\" \/>\n<link rel=\"canonical\" href=\"https:\/\/greenjet.ro\/en\/firma-constanta-spalari-industriale-port\/\" \/>\n<meta property=\"og:locale\" content=\"en_US\" \/>\n<meta property=\"og:type\" content=\"article\" \/>\n<meta property=\"og:title\" content=\"Despre noi - GreenJet MSS High-Pressure Water Jet\" \/>\n<meta property=\"og:description\" content=\"Industrial High-Pressure Water Jet Cleaning Washing | Using top of the line high-pressure cleaning products | Eco friendly | QUALITY\" \/>\n<meta property=\"og:url\" content=\"https:\/\/greenjet.ro\/en\/firma-constanta-spalari-industriale-port\/\" \/>\n<meta property=\"og:site_name\" content=\"GreenJet MSS\" \/>\n<meta property=\"article:publisher\" content=\"https:\/\/www.facebook.com\/GreenJet-MSS-102901504881236\" \/>\n<meta property=\"article:modified_time\" content=\"2025-12-17T12:17:52+00:00\" \/>\n<meta property=\"og:image\" content=\"https:\/\/greenjet.ro\/wp-content\/uploads\/2016\/09\/hero_inner_page.jpg\" \/>\n\t<meta property=\"og:image:width\" content=\"1800\" \/>\n\t<meta property=\"og:image:height\" content=\"452\" \/>\n<meta name=\"twitter:card\" content=\"summary_large_image\" \/>\n<meta name=\"twitter:label1\" content=\"Est. reading time\">\n\t<meta name=\"twitter:data1\" content=\"10 minutes\">\n<script type=\"application\/ld+json\" class=\"yoast-schema-graph\">{\"@context\":\"https:\/\/schema.org\",\"@graph\":[{\"@type\":\"Organization\",\"@id\":\"https:\/\/greenjet.ro\/#organization\",\"name\":\"GREENJET MSS SRL\",\"url\":\"https:\/\/greenjet.ro\/\",\"sameAs\":[\"https:\/\/www.facebook.com\/GreenJet-MSS-102901504881236\",\"https:\/\/www.youtube.com\/channel\/UC3riR5t7I6HkG7kH7njgCSA\"],\"logo\":{\"@type\":\"ImageObject\",\"@id\":\"https:\/\/greenjet.ro\/#logo\",\"inLanguage\":\"en-US\",\"url\":\"https:\/\/greenjet.eu\/wp-content\/uploads\/2020\/09\/logo-3-septembrie-2020-company.jpg\",\"contentUrl\":\"https:\/\/greenjet.eu\/wp-content\/uploads\/2020\/09\/logo-3-septembrie-2020-company.jpg\",\"width\":250,\"height\":255,\"caption\":\"GREENJET MSS SRL\"},\"image\":{\"@id\":\"https:\/\/greenjet.ro\/#logo\"}},{\"@type\":\"WebSite\",\"@id\":\"https:\/\/greenjet.ro\/#website\",\"url\":\"https:\/\/greenjet.ro\/\",\"name\":\"GREENJET MSS SP\\u0102L\\u0102RI INDUSTRIALE\",\"description\":\"Sp\\u0103l\\u0103ri Cur\\u0103\\u021b\\u0103ri Industriale\",\"publisher\":{\"@id\":\"https:\/\/greenjet.ro\/#organization\"},\"potentialAction\":[{\"@type\":\"SearchAction\",\"target\":\"https:\/\/greenjet.ro\/?s={search_term_string}\",\"query-input\":\"required name=search_term_string\"}],\"inLanguage\":\"en-US\"},{\"@type\":\"ImageObject\",\"@id\":\"https:\/\/greenjet.ro\/firma-constanta-spalari-industriale-port\/#primaryimage\",\"inLanguage\":\"en-US\",\"url\":\"https:\/\/greenjet.ro\/wp-content\/uploads\/2016\/09\/hero_inner_page.jpg\",\"contentUrl\":\"https:\/\/greenjet.ro\/wp-content\/uploads\/2016\/09\/hero_inner_page.jpg\",\"width\":1800,\"height\":452,\"caption\":\"\"},{\"@type\":\"WebPage\",\"@id\":\"https:\/\/greenjet.ro\/firma-constanta-spalari-industriale-port\/#webpage\",\"url\":\"https:\/\/greenjet.ro\/firma-constanta-spalari-industriale-port\/\",\"name\":\"Despre noi - GreenJet MSS High-Pressure Water Jet\",\"isPartOf\":{\"@id\":\"https:\/\/greenjet.ro\/#website\"},\"primaryImageOfPage\":{\"@id\":\"https:\/\/greenjet.ro\/firma-constanta-spalari-industriale-port\/#primaryimage\"},\"datePublished\":\"2020-09-11T09:11:30+00:00\",\"dateModified\":\"2025-12-17T12:17:52+00:00\",\"description\":\"Industrial High-Pressure Water Jet Cleaning Washing | Using top of the line high-pressure cleaning products | Eco friendly | QUALITY\",\"breadcrumb\":{\"@id\":\"https:\/\/greenjet.ro\/firma-constanta-spalari-industriale-port\/#breadcrumb\"},\"inLanguage\":\"en-US\",\"potentialAction\":[{\"@type\":\"ReadAction\",\"target\":[\"https:\/\/greenjet.ro\/firma-constanta-spalari-industriale-port\/\"]}]},{\"@type\":\"BreadcrumbList\",\"@id\":\"https:\/\/greenjet.ro\/firma-constanta-spalari-industriale-port\/#breadcrumb\",\"itemListElement\":[{\"@type\":\"ListItem\",\"position\":1,\"item\":{\"@type\":\"WebPage\",\"@id\":\"https:\/\/greenjet.ro\/\",\"url\":\"https:\/\/greenjet.ro\/\",\"name\":\"Home\"}},{\"@type\":\"ListItem\",\"position\":2,\"item\":{\"@id\":\"https:\/\/greenjet.ro\/firma-constanta-spalari-industriale-port\/#webpage\"}}]}]}<\/script>\n<!-- \/ Yoast SEO plugin. -->","_links":{"self":[{"href":"https:\/\/greenjet.ro\/en\/wp-json\/wp\/v2\/pages\/3689"}],"collection":[{"href":"https:\/\/greenjet.ro\/en\/wp-json\/wp\/v2\/pages"}],"about":[{"href":"https:\/\/greenjet.ro\/en\/wp-json\/wp\/v2\/types\/page"}],"author":[{"embeddable":true,"href":"https:\/\/greenjet.ro\/en\/wp-json\/wp\/v2\/users\/1"}],"replies":[{"embeddable":true,"href":"https:\/\/greenjet.ro\/en\/wp-json\/wp\/v2\/comments?post=3689"}],"version-history":[{"count":0,"href":"https:\/\/greenjet.ro\/en\/wp-json\/wp\/v2\/pages\/3689\/revisions"}],"wp:featuredmedia":[{"embeddable":true,"href":"https:\/\/greenjet.ro\/en\/wp-json\/wp\/v2\/media\/1898"}],"wp:attachment":[{"href":"https:\/\/greenjet.ro\/en\/wp-json\/wp\/v2\/media?parent=3689"}],"curies":[{"name":"wp","href":"https:\/\/api.w.org\/{rel}","templated":true}]}}